{"id":14,"date":"2025-11-27T11:27:29","date_gmt":"2025-11-27T11:27:29","guid":{"rendered":"http:\/\/localhost\/proves\/webs_wail\/wordpress\/?page_id=14"},"modified":"2025-12-02T10:48:03","modified_gmt":"2025-12-02T10:48:03","slug":"inici","status":"publish","type":"page","link":"https:\/\/xn--viuelcomerlocal-nmb.cat\/","title":{"rendered":"Benvinguts"},"content":{"rendered":"\n<p>A Pacs del Pened\u00e8s sempre hem tingut clar que la nostra for\u00e7a \u00e9s la nostra gent i el nostre territori. Som un municipi profundament lligat a la terra, al vi i a un teixit productiu que, tot i ser petit, \u00e9s ric, divers i ple d\u2019oportunitats. Cellers, vivers, restauraci\u00f3 i la nostra botiga local s\u00f3n un reflex d\u2019una economia arrelada, compromesa i essencial per mantenir viva la identitat del nostre poble.<\/p>\n\n\n\n<p>Tanmateix, tamb\u00e9 som conscients dels reptes que avui afecten el comer\u00e7 local i la pagesia: els efectes del canvi clim\u00e0tic, la inestabilitat dels preus del ra\u00efm o els canvis en els h\u00e0bits de consum. Davant d\u2019aquest context, des de l\u2019Ajuntament hem assumit el comprom\u00eds de donar suport actiu als nostres establiments i al sector agrari, en coher\u00e8ncia amb el nostre certificat Biosphere i amb els Objectius de Desenvolupament Sostenible, especialment aquells que promouen el consum responsable i un desenvolupament econ\u00f2mic inclusiu.<\/p>\n\n\n\n<p>\u00c9s per aix\u00f2 que posem en marxa la campanya <strong>\u201cVIU EL COMER\u00c7 LOCAL\u201d<\/strong>, una iniciativa pensada per dinamitzar, refor\u00e7ar i visibilitzar el comer\u00e7 de proximitat de Pacs del Pened\u00e8s. Volem que cada compra que fem al poble sigui tamb\u00e9 una aposta pel nostre futur, un gest de suport al territori i una manera de fer comunitat.<\/p>\n\n\n\n<p>Necessitem els nostres establiments. S\u00f3n els que donen vida al municipi i els que fan possible que viure a Pacs sigui una oportunitat, i no pas un obstacle. Per aix\u00f2 \u00e9s essencial que, entre totes i tots, els fem costat i fem poble. El comer\u00e7 local \u00e9s molt m\u00e9s que un espai on comprar: \u00e9s un punt de trobada, un servei proper i un valor que ens identifica i ens fa \u00fanics.<\/p>\n\n\n\n<p>Us convido a aprofitar aquesta campanya, a comprar al poble, a fer xarxa i a demostrar que <strong>Pacs del Pened\u00e8s \u00e9s un municipi viu, cohesionat i amb futur.<\/strong><\/p>\n\n\n\n<p>Montserrat Amat Dom\u00e8nech<br>Alcaldessa de Pacs del Pened\u00e8s<\/p>\n","protected":false},"excerpt":{"rendered":"<p>A Pacs del Pened\u00e8s sempre hem tingut clar que la nostra for\u00e7a \u00e9s la nostra gent i el nostre territori. [&hellip;]<\/p>\n","protected":false},"author":1,"featured_media":0,"parent":0,"menu_order":0,"comment_status":"closed","ping_status":"closed","template":"","meta":{"site-sidebar-layout":"right-sidebar","site-content-layout":"","ast-site-content-layout":"default","site-content-style":"default","site-sidebar-style":"boxed","ast-global-header-display":"","ast-banner-title-visibility":"","ast-main-header-display":"","ast-hfb-above-header-display":"","ast-hfb-below-header-display":"","ast-hfb-mobile-header-display":"","site-post-title":"","ast-breadcrumbs-content":"","ast-featured-img":"","footer-sml-layout":"","theme-transparent-header-meta":"disabled","adv-header-id-meta":"","stick-header-meta":"","header-above-stick-meta":"","header-main-stick-meta":"","header-below-stick-meta":"","astra-migrate-meta-layouts":"default","ast-page-background-enabled":"default","ast-page-background-meta":{"desktop":{"background-color":"var(--ast-global-color-5)","background-image":"","background-repeat":"repeat","background-position":"center center","background-size":"auto","background-attachment":"scroll","background-type":"","background-media":"","overlay-type":"","overlay-color":"","overlay-opacity":"","overlay-gradient":""},"tablet":{"background-color":"","background-image":"","background-repeat":"repeat","background-position":"center center","background-size":"auto","background-attachment":"scroll","background-type":"","background-media":"","overlay-type":"","overlay-color":"","overlay-opacity":"","overlay-gradient":""},"mobile":{"background-color":"","background-image":"","background-repeat":"repeat","background-position":"center center","background-size":"auto","background-attachment":"scroll","background-type":"","background-media":"","overlay-type":"","overlay-color":"","overlay-opacity":"","overlay-gradient":""}},"ast-content-background-meta":{"desktop":{"background-color":"var(--ast-global-color-4)","background-image":"","background-repeat":"repeat","background-position":"center center","background-size":"auto","background-attachment":"scroll","background-type":"","background-media":"","overlay-type":"","overlay-color":"","overlay-opacity":"","overlay-gradient":""},"tablet":{"background-color":"var(--ast-global-color-4)","background-image":"","background-repeat":"repeat","background-position":"center center","background-size":"auto","background-attachment":"scroll","background-type":"","background-media":"","overlay-type":"","overlay-color":"","overlay-opacity":"","overlay-gradient":""},"mobile":{"background-color":"var(--ast-global-color-4)","background-image":"","background-repeat":"repeat","background-position":"center center","background-size":"auto","background-attachment":"scroll","background-type":"","background-media":"","overlay-type":"","overlay-color":"","overlay-opacity":"","overlay-gradient":""}},"footnotes":""},"class_list":["post-14","page","type-page","status-publish","hentry"],"_links":{"self":[{"href":"https:\/\/xn--viuelcomerlocal-nmb.cat\/index.php\/wp-json\/wp\/v2\/pages\/14","targetHints":{"allow":["GET"]}}],"collection":[{"href":"https:\/\/xn--viuelcomerlocal-nmb.cat\/index.php\/wp-json\/wp\/v2\/pages"}],"about":[{"href":"https:\/\/xn--viuelcomerlocal-nmb.cat\/index.php\/wp-json\/wp\/v2\/types\/page"}],"author":[{"embeddable":true,"href":"https:\/\/xn--viuelcomerlocal-nmb.cat\/index.php\/wp-json\/wp\/v2\/users\/1"}],"replies":[{"embeddable":true,"href":"https:\/\/xn--viuelcomerlocal-nmb.cat\/index.php\/wp-json\/wp\/v2\/comments?post=14"}],"version-history":[{"count":6,"href":"https:\/\/xn--viuelcomerlocal-nmb.cat\/index.php\/wp-json\/wp\/v2\/pages\/14\/revisions"}],"predecessor-version":[{"id":635,"href":"https:\/\/xn--viuelcomerlocal-nmb.cat\/index.php\/wp-json\/wp\/v2\/pages\/14\/revisions\/635"}],"wp:attachment":[{"href":"https:\/\/xn--viuelcomerlocal-nmb.cat\/index.php\/wp-json\/wp\/v2\/media?parent=14"}],"curies":[{"name":"wp","href":"https:\/\/api.w.org\/{rel}","templated":true}]}}