{"id":348,"date":"2025-12-03T12:12:26","date_gmt":"2025-12-03T12:12:26","guid":{"rendered":"http:\/\/lovic1.noip.me\/pacs_web\/?page_id=348"},"modified":"2025-12-25T11:12:47","modified_gmt":"2025-12-25T11:12:47","slug":"condicions-de-campanya","status":"publish","type":"page","link":"https:\/\/xn--viuelcomerlocal-nmb.cat\/index.php\/condicions-de-campanya\/","title":{"rendered":"Condicions de campanya"},"content":{"rendered":"\n<div style=\"height:100px\" aria-hidden=\"true\" class=\"wp-block-spacer\"><\/div>\n\n\n\n<h2 class=\"wp-block-heading\">Com funciona la campanya:<\/h2>\n\n\n\n<hr class=\"wp-block-separator has-text-color has-ast-global-color-3-color has-alpha-channel-opacity has-ast-global-color-3-background-color has-background\"\/>\n\n\n\n<figure class=\"wp-block-image aligncenter size-full is-resized\"><img loading=\"lazy\" decoding=\"async\" width=\"1600\" height=\"800\" src=\"http:\/\/lovic1.noip.me\/pacs_web\/wp-content\/uploads\/2025\/12\/Imagen_condiciones_campanya-1.jpg\" alt=\"\" class=\"wp-image-505\" style=\"width:750px\" srcset=\"https:\/\/xn--viuelcomerlocal-nmb.cat\/wp-content\/uploads\/2025\/12\/Imagen_condiciones_campanya-1.jpg 1600w, https:\/\/xn--viuelcomerlocal-nmb.cat\/wp-content\/uploads\/2025\/12\/Imagen_condiciones_campanya-1-300x150.jpg 300w, https:\/\/xn--viuelcomerlocal-nmb.cat\/wp-content\/uploads\/2025\/12\/Imagen_condiciones_campanya-1-1024x512.jpg 1024w, https:\/\/xn--viuelcomerlocal-nmb.cat\/wp-content\/uploads\/2025\/12\/Imagen_condiciones_campanya-1-768x384.jpg 768w, https:\/\/xn--viuelcomerlocal-nmb.cat\/wp-content\/uploads\/2025\/12\/Imagen_condiciones_campanya-1-1536x768.jpg 1536w\" sizes=\"auto, (max-width: 1600px) 100vw, 1600px\" \/><\/figure>\n\n\n\n<h2 class=\"wp-block-heading\"><\/h2>\n\n\n\n<h3 class=\"wp-block-heading\">1 &#8211; Demana la teva targeta. De l&#8217;1 al 12 de desembre<\/h3>\n\n\n\n<p>Tots els habitatges del municipi poden recollir una targeta precarregada amb 100 <abbr title=\"El Pac \u00e9s una moneda local amb equival\u00e8ncia a 1 Euro, i \u00e9s acceptada en els establiments del municipi que s'han adherit a la campanya Viu el Comer\u00e7 Local a Pacs del Pened\u00e8s\"><strong>Pacs<\/strong><\/abbr>. Per fer-ho nom\u00e9s cal que la demanis a l&#8217;Ajuntament durant el mes de desembre via <strong><a href=\"https:\/\/seu-e.cat\/ca\/web\/pacsdelpenedes\/tramits-i-gestions\/-\/tramits\/tramit\/13799027?p_auth=jj5geQiX\" target=\"_blank\">inst\u00e0ncia gen\u00e8rica<\/a>. <\/strong>Un cop s&#8217;hagi valorat la petici\u00f3, t&#8217;informarem que ja pots venir a recollir la targeta, i ja podr\u00e0s <strong>participar !!!<\/strong>.<\/p>\n\n\n\n<h3 class=\"wp-block-heading\">2 &#8211; Participa en la campanya. Del 2 de gener al 31 de mar\u00e7<\/h3>\n\n\n\n<p>Un cop ja tens la targeta podr\u00e0s adquirir productes als establiments adherits a la campanya de Pacs del Pened\u00e8s. <a href=\"http:\/\/lovic1.noip.me\/pacs_web\/index.php\/establiments-adherits\/\" data-type=\"page\" data-id=\"355\">S\u00f3n aquests<\/a>!. <\/p>\n\n\n\n<p>1 Pac equival a 1 Euro i cada compra que facis se&#8217;t descomptar\u00e0 del saldo de la targeta. Podr\u00e0s fer compres iguals o superiors al saldo de la targeta, per\u00f2 per a compres superiors, haur\u00e0s de complementar l&#8217;import.<\/p>\n\n\n\n<h3 class=\"wp-block-heading\">3 &#8211; Gaudeix del comer\u00e7 local.<\/h3>\n\n\n\n<p>Podr\u00e0s gaudir dels teus PACS durant tota la campanya i fins que acabi, o exhaureixis el saldo de la targeta. Un cop t&#8217;hagis gastat els PACS, l&#8217;establiment et recollir\u00e0 la targeta i acabar\u00e0 la teva participaci\u00f3, per\u00f2 recorda que sempre pots seguir comprant en el comer\u00e7 local de Pacs del Pened\u00e8s. La campanya finalitza el 31 de mar\u00e7 i fins aleshores podr\u00e0s fer \u00fas dels teus Pacs. Despr\u00e9s ja no podr\u00e0s.  <\/p>\n\n\n\n<p> D&#8217;aquesta forma, amb les teves compres, dinamitzes els comer\u00e7os, la restauraci\u00f3 i els serveis de Pacs del Pened\u00e8s !<\/p>\n\n\n\n<p><strong>Gaudeix d&#8217;aquesta iniciativa!!<\/strong> <\/p>\n\n\n\n<p><a href=\"https:\/\/www.pacsdelpenedes.cat\/actualitat\/noticies\/9227-campanya-viu-el-comerc-local.html\" target=\"_blank\" rel=\"noreferrer noopener\">Amplia Informaci\u00f3<\/a> <\/p>\n\n\n\n<p><\/p>\n","protected":false},"excerpt":{"rendered":"<p>Com funciona la campanya: 1 &#8211; Demana la teva targeta. De l&#8217;1 al 12 de desembre Tots els habitatges del [&hellip;]<\/p>\n","protected":false},"author":1,"featured_media":0,"parent":0,"menu_order":0,"comment_status":"closed","ping_status":"closed","template":"","meta":{"site-sidebar-layout":"no-sidebar","site-content-layout":"","ast-site-content-layout":"full-width-container","site-content-style":"boxed","site-sidebar-style":"unboxed","ast-global-header-display":"","ast-banner-title-visibility":"","ast-main-header-display":"","ast-hfb-above-header-display":"","ast-hfb-below-header-display":"","ast-hfb-mobile-header-display":"","site-post-title":"disabled","ast-breadcrumbs-content":"","ast-featured-img":"","footer-sml-layout":"","theme-transparent-header-meta":"","adv-header-id-meta":"","stick-header-meta":"","header-above-stick-meta":"","header-main-stick-meta":"","header-below-stick-meta":"","astra-migrate-meta-layouts":"default","ast-page-background-enabled":"default","ast-page-background-meta":{"desktop":{"background-color":"var(--ast-global-color-5)","background-image":"","background-repeat":"repeat","background-position":"center center","background-size":"auto","background-attachment":"scroll","background-type":"","background-media":"","overlay-type":"","overlay-color":"","overlay-opacity":"","overlay-gradient":""},"tablet":{"background-color":"","background-image":"","background-repeat":"repeat","background-position":"center center","background-size":"auto","background-attachment":"scroll","background-type":"","background-media":"","overlay-type":"","overlay-color":"","overlay-opacity":"","overlay-gradient":""},"mobile":{"background-color":"","background-image":"","background-repeat":"repeat","background-position":"center center","background-size":"auto","background-attachment":"scroll","background-type":"","background-media":"","overlay-type":"","overlay-color":"","overlay-opacity":"","overlay-gradient":""}},"ast-content-background-meta":{"desktop":{"background-color":"var(--ast-global-color-4)","background-image":"","background-repeat":"repeat","background-position":"center center","background-size":"auto","background-attachment":"scroll","background-type":"","background-media":"","overlay-type":"","overlay-color":"","overlay-opacity":"","overlay-gradient":""},"tablet":{"background-color":"var(--ast-global-color-4)","background-image":"","background-repeat":"repeat","background-position":"center center","background-size":"auto","background-attachment":"scroll","background-type":"","background-media":"","overlay-type":"","overlay-color":"","overlay-opacity":"","overlay-gradient":""},"mobile":{"background-color":"var(--ast-global-color-4)","background-image":"","background-repeat":"repeat","background-position":"center center","background-size":"auto","background-attachment":"scroll","background-type":"","background-media":"","overlay-type":"","overlay-color":"","overlay-opacity":"","overlay-gradient":""}},"footnotes":""},"class_list":["post-348","page","type-page","status-publish","hentry"],"_links":{"self":[{"href":"https:\/\/xn--viuelcomerlocal-nmb.cat\/index.php\/wp-json\/wp\/v2\/pages\/348","targetHints":{"allow":["GET"]}}],"collection":[{"href":"https:\/\/xn--viuelcomerlocal-nmb.cat\/index.php\/wp-json\/wp\/v2\/pages"}],"about":[{"href":"https:\/\/xn--viuelcomerlocal-nmb.cat\/index.php\/wp-json\/wp\/v2\/types\/page"}],"author":[{"embeddable":true,"href":"https:\/\/xn--viuelcomerlocal-nmb.cat\/index.php\/wp-json\/wp\/v2\/users\/1"}],"replies":[{"embeddable":true,"href":"https:\/\/xn--viuelcomerlocal-nmb.cat\/index.php\/wp-json\/wp\/v2\/comments?post=348"}],"version-history":[{"count":25,"href":"https:\/\/xn--viuelcomerlocal-nmb.cat\/index.php\/wp-json\/wp\/v2\/pages\/348\/revisions"}],"predecessor-version":[{"id":609,"href":"https:\/\/xn--viuelcomerlocal-nmb.cat\/index.php\/wp-json\/wp\/v2\/pages\/348\/revisions\/609"}],"wp:attachment":[{"href":"https:\/\/xn--viuelcomerlocal-nmb.cat\/index.php\/wp-json\/wp\/v2\/media?parent=348"}],"curies":[{"name":"wp","href":"https:\/\/api.w.org\/{rel}","templated":true}]}}